{"id":9518,"date":"2021-11-19T03:05:54","date_gmt":"2021-11-19T03:05:54","guid":{"rendered":"https:\/\/hanarsourcing.com\/our-services\/"},"modified":"2025-12-07T13:27:01","modified_gmt":"2025-12-07T13:27:01","slug":"our-services","status":"publish","type":"page","link":"https:\/\/hanarsourcing.com\/de\/our-services\/","title":{"rendered":"Dienstleistungen"},"content":{"rendered":"\t\t<div data-elementor-type=\"wp-page\" data-elementor-id=\"9518\" class=\"elementor elementor-9518 elementor-4691\">\n\t\t\t\t\t\t<section class=\"elementor-section elementor-top-section elementor-element elementor-element-816e569 elementor-section-boxed elementor-section-height-default elementor-section-height-default rt-parallax-bg-no\" data-id=\"816e569\" data-element_type=\"section\" data-e-type=\"section\" data-settings=\"{&quot;background_background&quot;:&quot;classic&quot;}\">\n\t\t\t\t\t\t<div class=\"elementor-container elementor-column-gap-default\">\n\t\t\t\t\t<div class=\"elementor-column elementor-col-100 elementor-top-column elementor-element elementor-element-f3a02e3\" data-id=\"f3a02e3\" data-element_type=\"column\" data-e-type=\"column\">\n\t\t\t<div class=\"elementor-widget-wrap elementor-element-populated\">\n\t\t\t\t\t\t<section class=\"elementor-section elementor-inner-section elementor-element elementor-element-6800be1 elementor-section-boxed elementor-section-height-default elementor-section-height-default rt-parallax-bg-no\" data-id=\"6800be1\" data-element_type=\"section\" data-e-type=\"section\">\n\t\t\t\t\t\t<div class=\"elementor-container elementor-column-gap-default\">\n\t\t\t\t\t<div class=\"elementor-column elementor-col-50 elementor-inner-column elementor-element elementor-element-3fc12d4\" data-id=\"3fc12d4\" data-element_type=\"column\" data-e-type=\"column\">\n\t\t\t<div class=\"elementor-widget-wrap elementor-element-populated\">\n\t\t\t\t\t\t<div class=\"elementor-element elementor-element-e4c3b8d elementor-widget elementor-widget-heading\" data-id=\"e4c3b8d\" data-element_type=\"widget\" data-e-type=\"widget\" data-widget_type=\"heading.default\">\n\t\t\t\t<div class=\"elementor-widget-container\">\n\t\t\t\t\t<h2 class=\"elementor-heading-title elementor-size-default\">Unsere Import- und Exportdienstleistungen<\/h2>\t\t\t\t<\/div>\n\t\t\t\t<\/div>\n\t\t\t\t\t<\/div>\n\t\t<\/div>\n\t\t\t\t<div class=\"elementor-column elementor-col-50 elementor-inner-column elementor-element elementor-element-11c2208\" data-id=\"11c2208\" data-element_type=\"column\" data-e-type=\"column\">\n\t\t\t<div class=\"elementor-widget-wrap elementor-element-populated\">\n\t\t\t\t\t\t<div class=\"elementor-element elementor-element-c07207a elementor-widget elementor-widget-text-editor\" data-id=\"c07207a\" data-element_type=\"widget\" data-e-type=\"widget\" data-widget_type=\"text-editor.default\">\n\t\t\t\t<div class=\"elementor-widget-container\">\n\t\t\t\t\t\t\t\t\t<p data-start=\"120\" data-end=\"250\"><em data-start=\"120\" data-end=\"248\">Intelligente, zuverl\u00e4ssige und sorgenfreie Beschaffungsl\u00f6sungen \u2013 weltweit, mit besonderer Expertise in der arabischen Region.<\/em><\/p>\t\t\t\t\t\t\t\t<\/div>\n\t\t\t\t<\/div>\n\t\t\t\t\t<\/div>\n\t\t<\/div>\n\t\t\t\t\t<\/div>\n\t\t<\/section>\n\t\t\t\t<section class=\"elementor-section elementor-inner-section elementor-element elementor-element-7de7b33 elementor-section-boxed elementor-section-height-default elementor-section-height-default rt-parallax-bg-no\" data-id=\"7de7b33\" data-element_type=\"section\" data-e-type=\"section\">\n\t\t\t\t\t\t<div class=\"elementor-container elementor-column-gap-default\">\n\t\t\t\t\t<div class=\"elementor-column elementor-col-100 elementor-inner-column elementor-element elementor-element-a9c1e63\" data-id=\"a9c1e63\" data-element_type=\"column\" data-e-type=\"column\">\n\t\t\t<div class=\"elementor-widget-wrap elementor-element-populated\">\n\t\t\t\t\t\t<div class=\"elementor-element elementor-element-5c6e9ce elementor-invisible elementor-widget elementor-widget-rt-service\" data-id=\"5c6e9ce\" data-element_type=\"widget\" data-e-type=\"widget\" data-widget_type=\"rt-service.default\">\n\t\t\t\t<div class=\"elementor-widget-container\">\n\t\t\t\t\t<div class=\"service-default service-layout1 service-grid-layout1\">\r\n\t<div class=\"row \">\t\r\n\t\t\t\t<div class=\"col-xl-6 col-lg-6 col-md-6 col-sm-12 col-12\">\r\n\t\t\t<div class=\"service-item rt-animate wow fadeInUp\" data-wow-delay=\"0.1s\" data-wow-duration=\"0.6s\">\r\n\t\t\t\t<div class=\"service-box-content\">\r\n\t\t\t\t\t\t\t\t\t<div class=\"service-figure\"  data-bg-image=https:\/\/hanarsourcing.com\/wp-content\/uploads\/2021\/10\/P6X7JaW1_result-690x375.webp>\r\n\t\t\t\t\t\t<div class=\"service-content\">\r\n\t\t\t\t\t\t\t\t\t\t\t\t\t\t\t\t\t\t\t\t\t\t\t\t\t\t\t\t\t\t\t\t\t<div class=\"service-img-wrap\">\r\n\t\t\t\t\t\t\t\t\t\t\t\t\t\t\t\t\t\t\t\t\t<div class=\"service-image\">\r\n\t\t\t\t\t\t\t\t\t\t\t\t<span><img decoding=\"async\" width=\"150\" height=\"150\" src=\"https:\/\/hanarsourcing.com\/wp-content\/uploads\/2021\/10\/services.svg\" class=\"attachment-thumbnail size-thumbnail\" alt=\"\" \/><\/span>\r\n\t\t\t\t\t\t\t\t\t\t\t<\/div>\r\n\t\t\t\t\t\t\t\t\t\t\t\r\n\t\t\t\t\t\t\t\t\t\t\t\t\t\t\t\t\t\t\t\t\t<div class=\"service-hover-img\">\r\n\t\t\t\t\t\t\t\t\t\t\t<span><img decoding=\"async\" width=\"150\" height=\"150\" src=\"https:\/\/hanarsourcing.com\/wp-content\/uploads\/2021\/10\/services-1.svg\" class=\"attachment-thumbnail size-thumbnail\" alt=\"\" \/><\/span>\r\n\t\t\t\t\t\t\t\t\t\t\t<\/div>\r\n\t\t\t\t\t\t\t\t\t\t\t\r\n\t\t\t\t\t\t\t\t\t<\/div>\r\n\t\t\t\t\t\t\t\t\t\t\t\t\t\t\t\t\t\t\t\t\t\t\t\t\t\t\t\t\t\t\t<div class=\"service-info\">\r\n\t\t\t\t\t\t\t\t<h3 class=\"service-title\"><a href=\"https:\/\/hanarsourcing.com\/de\/service\/add-on-services\/\" target=\"_blank\">Zusatzleistungen<\/a><\/h3>\r\n\t\t\t\t\t\t\t\t\t\t\t\t\t\t\t\t\t<p>Wir bieten zudem Beratung, Marktforschung, Produktscouting und Vertriebsrechte an \u2013 und helfen Ihrem Unternehmen dabei, neue Chancen zu erschlie\u00dfen und global zu wachsen.<\/p>\r\n\t\t\t\t\t\t\t\t\t\t\t\t\t\t\t\t\t\t\t\t\t\t\t<\/div>\r\n\t\t\t\t\t\t<\/div>\r\n\t\t\t\t\t<\/div>\r\n\t\t\t\t<\/div>\r\n\t\t\t<\/div>\r\n\t\t<\/div>\r\n\t\t\t\t<div class=\"col-xl-6 col-lg-6 col-md-6 col-sm-12 col-12\">\r\n\t\t\t<div class=\"service-item rt-animate wow fadeInUp\" data-wow-delay=\"0.3s\" data-wow-duration=\"0.6s\">\r\n\t\t\t\t<div class=\"service-box-content\">\r\n\t\t\t\t\t\t\t\t\t<div class=\"service-figure\"  data-bg-image=https:\/\/hanarsourcing.com\/wp-content\/uploads\/2021\/10\/2-Custom_result-1-690x375.webp>\r\n\t\t\t\t\t\t<div class=\"service-content\">\r\n\t\t\t\t\t\t\t\t\t\t\t\t\t\t\t\t\t\t\t\t\t\t\t\t\t\t\t\t\t\t\t\t\t<div class=\"service-img-wrap\">\r\n\t\t\t\t\t\t\t\t\t\t\t\t\t\t\t\t\t\t\t\t\t<div class=\"service-image\">\r\n\t\t\t\t\t\t\t\t\t\t\t\t<span><img decoding=\"async\" width=\"150\" height=\"150\" src=\"https:\/\/hanarsourcing.com\/wp-content\/uploads\/2021\/10\/quality-assurance.svg\" class=\"attachment-thumbnail size-thumbnail\" alt=\"\" \/><\/span>\r\n\t\t\t\t\t\t\t\t\t\t\t<\/div>\r\n\t\t\t\t\t\t\t\t\t\t\t\r\n\t\t\t\t\t\t\t\t\t\t\t\t\t\t\t\t\t\t\t\t\t<div class=\"service-hover-img\">\r\n\t\t\t\t\t\t\t\t\t\t\t<span><img loading=\"lazy\" decoding=\"async\" width=\"150\" height=\"150\" src=\"https:\/\/hanarsourcing.com\/wp-content\/uploads\/2021\/10\/quality-assurance-1.svg\" class=\"attachment-thumbnail size-thumbnail\" alt=\"\" \/><\/span>\r\n\t\t\t\t\t\t\t\t\t\t\t<\/div>\r\n\t\t\t\t\t\t\t\t\t\t\t\r\n\t\t\t\t\t\t\t\t\t<\/div>\r\n\t\t\t\t\t\t\t\t\t\t\t\t\t\t\t\t\t\t\t\t\t\t\t\t\t\t\t\t\t\t\t<div class=\"service-info\">\r\n\t\t\t\t\t\t\t\t<h3 class=\"service-title\"><a href=\"https:\/\/hanarsourcing.com\/de\/service\/quality-control\/\" target=\"_blank\">Qualit\u00e4tskontrolle<\/a><\/h3>\r\n\t\t\t\t\t\t\t\t\t\t\t\t\t\t\t\t\t<p>Unser Team stellt durch strenge Qualit\u00e4tspr\u00fcfungen und Inspektionen sicher, dass Ihre Produkte internationalen Standards entsprechen \u2013 und gibt Ihnen Vertrauen bei jeder Lieferung.<\/p>\r\n\t\t\t\t\t\t\t\t\t\t\t\t\t\t\t\t\t\t\t\t\t\t\t<\/div>\r\n\t\t\t\t\t\t<\/div>\r\n\t\t\t\t\t<\/div>\r\n\t\t\t\t<\/div>\r\n\t\t\t<\/div>\r\n\t\t<\/div>\r\n\t\t\t\t<div class=\"col-xl-6 col-lg-6 col-md-6 col-sm-12 col-12\">\r\n\t\t\t<div class=\"service-item rt-animate wow fadeInUp\" data-wow-delay=\"0.5s\" data-wow-duration=\"0.6s\">\r\n\t\t\t\t<div class=\"service-box-content\">\r\n\t\t\t\t\t\t\t\t\t<div class=\"service-figure\"  data-bg-image=https:\/\/hanarsourcing.com\/wp-content\/uploads\/2021\/10\/35842607_result-690x375.webp>\r\n\t\t\t\t\t\t<div class=\"service-content\">\r\n\t\t\t\t\t\t\t\t\t\t\t\t\t\t\t\t\t\t\t\t\t\t\t\t\t\t\t\t\t\t\t\t\t<div class=\"service-img-wrap\">\r\n\t\t\t\t\t\t\t\t\t\t\t\t\t\t\t\t\t\t\t\t\t<div class=\"service-image\">\r\n\t\t\t\t\t\t\t\t\t\t\t\t<span><img loading=\"lazy\" decoding=\"async\" width=\"150\" height=\"150\" src=\"https:\/\/hanarsourcing.com\/wp-content\/uploads\/2021\/10\/supply-chain.svg\" class=\"attachment-thumbnail size-thumbnail\" alt=\"\" \/><\/span>\r\n\t\t\t\t\t\t\t\t\t\t\t<\/div>\r\n\t\t\t\t\t\t\t\t\t\t\t\r\n\t\t\t\t\t\t\t\t\t\t\t\t\t\t\t\t\t\t\t\t\t<div class=\"service-hover-img\">\r\n\t\t\t\t\t\t\t\t\t\t\t<span><img loading=\"lazy\" decoding=\"async\" width=\"150\" height=\"150\" src=\"https:\/\/hanarsourcing.com\/wp-content\/uploads\/2021\/10\/supply-chain-1.svg\" class=\"attachment-thumbnail size-thumbnail\" alt=\"\" \/><\/span>\r\n\t\t\t\t\t\t\t\t\t\t\t<\/div>\r\n\t\t\t\t\t\t\t\t\t\t\t\r\n\t\t\t\t\t\t\t\t\t<\/div>\r\n\t\t\t\t\t\t\t\t\t\t\t\t\t\t\t\t\t\t\t\t\t\t\t\t\t\t\t\t\t\t\t<div class=\"service-info\">\r\n\t\t\t\t\t\t\t\t<h3 class=\"service-title\"><a href=\"https:\/\/hanarsourcing.com\/de\/service\/product-development-branding\/\" target=\"_blank\">Produktentwicklung &#038; Branding<\/a><\/h3>\r\n\t\t\t\t\t\t\t\t\t\t\t\t\t\t\t\t\t<p>Wir unterst\u00fctzen Unternehmen bei der Entwicklung neuer Produkte, der Erstellung von Prototypen, der Anpassung von Verpackungen und dem Aufbau einer Markenidentit\u00e4t, die sich in M\u00e4rkten abhebt.<\/p>\r\n\t\t\t\t\t\t\t\t\t\t\t\t\t\t\t\t\t\t\t\t\t\t\t<\/div>\r\n\t\t\t\t\t\t<\/div>\r\n\t\t\t\t\t<\/div>\r\n\t\t\t\t<\/div>\r\n\t\t\t<\/div>\r\n\t\t<\/div>\r\n\t\t\t\t<div class=\"col-xl-6 col-lg-6 col-md-6 col-sm-12 col-12\">\r\n\t\t\t<div class=\"service-item rt-animate wow fadeInUp\" data-wow-delay=\"0.7s\" data-wow-duration=\"0.6s\">\r\n\t\t\t\t<div class=\"service-box-content\">\r\n\t\t\t\t\t\t\t\t\t<div class=\"service-figure\"  data-bg-image=https:\/\/hanarsourcing.com\/wp-content\/uploads\/2021\/10\/3-Custom_result-1-690x375.webp>\r\n\t\t\t\t\t\t<div class=\"service-content\">\r\n\t\t\t\t\t\t\t\t\t\t\t\t\t\t\t\t\t\t\t\t\t\t\t\t\t\t\t\t\t\t\t\t\t<div class=\"service-img-wrap\">\r\n\t\t\t\t\t\t\t\t\t\t\t\t\t\t\t\t\t\t\t\t\t<div class=\"service-image\">\r\n\t\t\t\t\t\t\t\t\t\t\t\t<span><img loading=\"lazy\" decoding=\"async\" width=\"150\" height=\"150\" src=\"https:\/\/hanarsourcing.com\/wp-content\/uploads\/2021\/10\/fast.svg\" class=\"attachment-thumbnail size-thumbnail\" alt=\"\" \/><\/span>\r\n\t\t\t\t\t\t\t\t\t\t\t<\/div>\r\n\t\t\t\t\t\t\t\t\t\t\t\r\n\t\t\t\t\t\t\t\t\t\t\t\t\t\t\t\t\t\t\t\t\t<div class=\"service-hover-img\">\r\n\t\t\t\t\t\t\t\t\t\t\t<span><img loading=\"lazy\" decoding=\"async\" width=\"150\" height=\"150\" src=\"https:\/\/hanarsourcing.com\/wp-content\/uploads\/2021\/10\/fast-1.svg\" class=\"attachment-thumbnail size-thumbnail\" alt=\"\" \/><\/span>\r\n\t\t\t\t\t\t\t\t\t\t\t<\/div>\r\n\t\t\t\t\t\t\t\t\t\t\t\r\n\t\t\t\t\t\t\t\t\t<\/div>\r\n\t\t\t\t\t\t\t\t\t\t\t\t\t\t\t\t\t\t\t\t\t\t\t\t\t\t\t\t\t\t\t<div class=\"service-info\">\r\n\t\t\t\t\t\t\t\t<h3 class=\"service-title\"><a href=\"https:\/\/hanarsourcing.com\/de\/service\/logistics-shipping\/\" target=\"_blank\">Logistik &#038; Versand<\/a><\/h3>\r\n\t\t\t\t\t\t\t\t\t\t\t\t\t\t\t\t\t<p>Vom Werk bis vor Ihre Haust\u00fcr \u00fcbernehmen wir weltweit Versand und Logistik und gew\u00e4hrleisten p\u00fcnktliche Lieferungen sowie kosteneffiziente Transportl\u00f6sungen.<\/p>\r\n\t\t\t\t\t\t\t\t\t\t\t\t\t\t\t\t\t\t\t\t\t\t\t<\/div>\r\n\t\t\t\t\t\t<\/div>\r\n\t\t\t\t\t<\/div>\r\n\t\t\t\t<\/div>\r\n\t\t\t<\/div>\r\n\t\t<\/div>\r\n\t\t\t\t<div class=\"col-xl-6 col-lg-6 col-md-6 col-sm-12 col-12\">\r\n\t\t\t<div class=\"service-item rt-animate wow fadeInUp\" data-wow-delay=\"0.9s\" data-wow-duration=\"0.6s\">\r\n\t\t\t\t<div class=\"service-box-content\">\r\n\t\t\t\t\t\t\t\t\t<div class=\"service-figure\"  data-bg-image=https:\/\/hanarsourcing.com\/wp-content\/uploads\/2021\/10\/1-Custom_result-1-690x375.webp>\r\n\t\t\t\t\t\t<div class=\"service-content\">\r\n\t\t\t\t\t\t\t\t\t\t\t\t\t\t\t\t\t\t\t\t\t\t\t\t\t\t\t\t\t\t\t\t\t<div class=\"service-img-wrap\">\r\n\t\t\t\t\t\t\t\t\t\t\t\t\t\t\t\t\t\t\t\t\t<div class=\"service-image\">\r\n\t\t\t\t\t\t\t\t\t\t\t\t<span><img loading=\"lazy\" decoding=\"async\" width=\"150\" height=\"150\" src=\"https:\/\/hanarsourcing.com\/wp-content\/uploads\/2021\/10\/boxes-1.svg\" class=\"attachment-thumbnail size-thumbnail\" alt=\"\" \/><\/span>\r\n\t\t\t\t\t\t\t\t\t\t\t<\/div>\r\n\t\t\t\t\t\t\t\t\t\t\t\r\n\t\t\t\t\t\t\t\t\t\t\t\t\t\t\t\t\t\t\t\t\t<div class=\"service-hover-img\">\r\n\t\t\t\t\t\t\t\t\t\t\t<span><img loading=\"lazy\" decoding=\"async\" width=\"150\" height=\"150\" src=\"https:\/\/hanarsourcing.com\/wp-content\/uploads\/2021\/10\/boxes-1-4.svg\" class=\"attachment-thumbnail size-thumbnail\" alt=\"\" \/><\/span>\r\n\t\t\t\t\t\t\t\t\t\t\t<\/div>\r\n\t\t\t\t\t\t\t\t\t\t\t\r\n\t\t\t\t\t\t\t\t\t<\/div>\r\n\t\t\t\t\t\t\t\t\t\t\t\t\t\t\t\t\t\t\t\t\t\t\t\t\t\t\t\t\t\t\t<div class=\"service-info\">\r\n\t\t\t\t\t\t\t\t<h3 class=\"service-title\"><a href=\"https:\/\/hanarsourcing.com\/de\/service\/import-export-solutions\/\" target=\"_blank\">Import- &#038; Exportl\u00f6sungen<\/a><\/h3>\r\n\t\t\t\t\t\t\t\t\t\t\t\t\t\t\t\t\t<p>Wir k\u00fcmmern uns um weltweite Handelsstr\u00f6me und importieren sowie exportieren Produkte in die ganze Welt \u2013 mit besonderer Expertise in der Betreuung der arabischen Region.<\/p>\r\n\t\t\t\t\t\t\t\t\t\t\t\t\t\t\t\t\t\t\t\t\t\t\t<\/div>\r\n\t\t\t\t\t\t<\/div>\r\n\t\t\t\t\t<\/div>\r\n\t\t\t\t<\/div>\r\n\t\t\t<\/div>\r\n\t\t<\/div>\r\n\t\t\t\t<div class=\"col-xl-6 col-lg-6 col-md-6 col-sm-12 col-12\">\r\n\t\t\t<div class=\"service-item rt-animate wow fadeInUp\" data-wow-delay=\"1.1s\" data-wow-duration=\"0.6s\">\r\n\t\t\t\t<div class=\"service-box-content\">\r\n\t\t\t\t\t\t\t\t\t<div class=\"service-figure\"  data-bg-image=https:\/\/hanarsourcing.com\/wp-content\/uploads\/2021\/10\/33\u0628356681_result-690x375.webp>\r\n\t\t\t\t\t\t<div class=\"service-content\">\r\n\t\t\t\t\t\t\t\t\t\t\t\t\t\t\t\t\t\t\t\t\t\t\t\t\t\t\t\t\t\t\t\t\t<div class=\"service-img-wrap\">\r\n\t\t\t\t\t\t\t\t\t\t\t\t\t\t\t\t\t\t\t\t\t<div class=\"service-image\">\r\n\t\t\t\t\t\t\t\t\t\t\t\t<span><img loading=\"lazy\" decoding=\"async\" width=\"150\" height=\"150\" src=\"https:\/\/hanarsourcing.com\/wp-content\/uploads\/2021\/10\/financial-analysis.svg\" class=\"attachment-thumbnail size-thumbnail\" alt=\"\" \/><\/span>\r\n\t\t\t\t\t\t\t\t\t\t\t<\/div>\r\n\t\t\t\t\t\t\t\t\t\t\t\r\n\t\t\t\t\t\t\t\t\t\t\t\t\t\t\t\t\t\t\t\t\t<div class=\"service-hover-img\">\r\n\t\t\t\t\t\t\t\t\t\t\t<span><img loading=\"lazy\" decoding=\"async\" width=\"150\" height=\"150\" src=\"https:\/\/hanarsourcing.com\/wp-content\/uploads\/2021\/10\/financial-analysis-1.svg\" class=\"attachment-thumbnail size-thumbnail\" alt=\"\" \/><\/span>\r\n\t\t\t\t\t\t\t\t\t\t\t<\/div>\r\n\t\t\t\t\t\t\t\t\t\t\t\r\n\t\t\t\t\t\t\t\t\t<\/div>\r\n\t\t\t\t\t\t\t\t\t\t\t\t\t\t\t\t\t\t\t\t\t\t\t\t\t\t\t\t\t\t\t<div class=\"service-info\">\r\n\t\t\t\t\t\t\t\t<h3 class=\"service-title\"><a href=\"https:\/\/hanarsourcing.com\/de\/service\/financial-trade-support\/\" target=\"_blank\">Finanz- &#038; Handelsunterst\u00fctzung<\/a><\/h3>\r\n\t\t\t\t\t\t\t\t\t\t\t\t\t\t\t\t\t<p>Wir bieten flexible Finanzl\u00f6sungen und Handelsunterst\u00fctzung, um Risiken zu reduzieren und den Beschaffungsprozess zu erleichtern. Unser Ziel ist es, Ihnen zu einem sicheren Wachstum zu verhelfen und gleichzeitig die Beschaffung<\/p>\r\n\t\t\t\t\t\t\t\t\t\t\t\t\t\t\t\t\t\t\t\t\t\t\t<\/div>\r\n\t\t\t\t\t\t<\/div>\r\n\t\t\t\t\t<\/div>\r\n\t\t\t\t<\/div>\r\n\t\t\t<\/div>\r\n\t\t<\/div>\r\n\t\t\t\t<\/div>\r\n\t\t\r\n\t\t<\/div>\t\t\t\t<\/div>\n\t\t\t\t<\/div>\n\t\t\t\t\t<\/div>\n\t\t<\/div>\n\t\t\t\t\t<\/div>\n\t\t<\/section>\n\t\t\t\t\t<\/div>\n\t\t<\/div>\n\t\t\t\t\t<\/div>\n\t\t<\/section>\n\t\t\t\t<section class=\"elementor-section elementor-top-section elementor-element elementor-element-abfdcb4 elementor-section-full_width elementor-section-stretched elementor-section-height-default elementor-section-height-default rt-parallax-bg-no\" data-id=\"abfdcb4\" data-element_type=\"section\" data-e-type=\"section\" data-settings=\"{&quot;stretch_section&quot;:&quot;section-stretched&quot;,&quot;background_background&quot;:&quot;classic&quot;}\">\n\t\t\t\t\t\t<div class=\"elementor-container elementor-column-gap-default\">\n\t\t\t\t\t<div class=\"elementor-column elementor-col-100 elementor-top-column elementor-element elementor-element-3a5301c\" data-id=\"3a5301c\" data-element_type=\"column\" data-e-type=\"column\">\n\t\t\t<div class=\"elementor-widget-wrap elementor-element-populated\">\n\t\t\t\t\t\t<div class=\"elementor-element elementor-element-c20c7f5 elementor-widget__width-auto elementor-absolute elementor-hidden-tablet elementor-hidden-mobile elementor-widget elementor-widget-image\" data-id=\"c20c7f5\" data-element_type=\"widget\" data-e-type=\"widget\" data-settings=\"{&quot;_position&quot;:&quot;absolute&quot;}\" data-widget_type=\"image.default\">\n\t\t\t\t<div class=\"elementor-widget-container\">\n\t\t\t\t\t\t\t\t\t\t\t\t\t\t\t<img loading=\"lazy\" decoding=\"async\" width=\"238\" height=\"351\" src=\"https:\/\/hanarsourcing.com\/wp-content\/uploads\/2025\/08\/cta-figure1.png\" class=\"attachment-full size-full wp-image-9770\" alt=\"\" srcset=\"https:\/\/hanarsourcing.com\/wp-content\/uploads\/2025\/08\/cta-figure1.png 238w, https:\/\/hanarsourcing.com\/wp-content\/uploads\/2025\/08\/cta-figure1-203x300.png 203w, https:\/\/hanarsourcing.com\/wp-content\/uploads\/2025\/08\/cta-figure1-106x157.png 106w\" sizes=\"(max-width: 238px) 100vw, 238px\" \/>\t\t\t\t\t\t\t\t\t\t\t\t\t\t\t<\/div>\n\t\t\t\t<\/div>\n\t\t\t\t<div class=\"elementor-element elementor-element-532281f elementor-widget__width-auto elementor-absolute elementor-hidden-tablet elementor-hidden-mobile elementor-widget elementor-widget-image\" data-id=\"532281f\" data-element_type=\"widget\" data-e-type=\"widget\" data-settings=\"{&quot;_position&quot;:&quot;absolute&quot;}\" data-widget_type=\"image.default\">\n\t\t\t\t<div class=\"elementor-widget-container\">\n\t\t\t\t\t\t\t\t\t\t\t\t\t\t\t<img loading=\"lazy\" decoding=\"async\" width=\"168\" height=\"380\" src=\"https:\/\/hanarsourcing.com\/wp-content\/uploads\/2021\/12\/cta-figure2.png\" class=\"attachment-full size-full wp-image-9768\" alt=\"\" srcset=\"https:\/\/hanarsourcing.com\/wp-content\/uploads\/2021\/12\/cta-figure2.png 168w, https:\/\/hanarsourcing.com\/wp-content\/uploads\/2021\/12\/cta-figure2-69x157.png 69w, https:\/\/hanarsourcing.com\/wp-content\/uploads\/2021\/12\/cta-figure2-133x300.png 133w\" sizes=\"(max-width: 168px) 100vw, 168px\" \/>\t\t\t\t\t\t\t\t\t\t\t\t\t\t\t<\/div>\n\t\t\t\t<\/div>\n\t\t\t\t<div class=\"elementor-element elementor-element-a98d5c7 elementor-widget elementor-widget-rt-cta\" data-id=\"a98d5c7\" data-element_type=\"widget\" data-e-type=\"widget\" data-widget_type=\"rt-cta.default\">\n\t\t\t\t<div class=\"elementor-widget-container\">\n\t\t\t\t\t<div class=\"cta-default cta-style3\">\r\n\t<ul class=\"cta-element-list d-none d-xl-block\">\r\n\t\t\t\t<li>\r\n\t\t\t\t\t<img loading=\"lazy\" decoding=\"async\" class=\"wow fadeInDown\" data-wow-delay=\"400ms\" data-wow-duration=\"1200ms\" src=\"https:\/\/hanarsourcing.com\/wp-content\/themes\/finbuzz\/assets\/element\/cta-figure3.png\" alt=\"cta-figure3\" width=\"257\" height=\"196\">\r\n\t\t\t\t<\/li>\r\n\t\t\t\t<li>\r\n\t\t\t\t\t<img loading=\"lazy\" decoding=\"async\" class=\"wow fadeInUp\" data-wow-delay=\"400ms\" data-wow-duration=\"1200ms\" src=\"https:\/\/hanarsourcing.com\/wp-content\/themes\/finbuzz\/assets\/element\/cta-figure4.png\" alt=\"cta-figure4\" width=\"358\" height=\"275\">\r\n\t\t\t\t<\/li>\r\n\t<\/ul>\r\n\t<div class=\"container\">\r\n\t\t<div class=\"action-box\">\r\n\t\t\t<div class=\"cta-content\">\r\n\t\t\t\t<h2 class=\"cta-title\">Bereit f\u00fcr den Start Ihrer Beschaffung?\n<\/h2>\r\n\t\t\t\t<div class=\"cta-subtitle\">\r\n\t\t\t\t\tVerbinden Sie sich mit verl\u00e4sslichen Lieferanten, optimieren Sie Ihre Beschaffungsprozesse und lassen Sie Ihr Unternehmen wachsen!\t\t\t\t<\/div>\r\n\t\t\t<\/div>\r\n\t\t\t<div class=\"button-area\">\r\n\t\t\t\t\t\t\t\t\t\t\t<div class=\"button \"><a class=\"btn-style3\" href=\"http:\/\/store.hanarsourcing.com\/de\/\">Produkte entdecken<svg xmlns=\"http:\/\/www.w3.org\/2000\/svg\" width=\"24px\" height=\"24px\">\r\n\t\t<path fill=\"rgb(250, 54, 10)\" d=\"M11.998,23.997 C5.381,23.997 -0.001,18.614 -0.001,11.998 C-0.001,5.382 5.381,-0.001 11.998,-0.001 C18.614,-0.001 23.997,5.382 23.997,11.998 C23.997,18.614 18.614,23.997 11.998,23.997 ZM11.998,2.181 C6.584,2.181 2.180,6.585 2.180,11.998 C2.180,17.412 6.584,21.815 11.998,21.815 C17.411,21.815 21.815,17.412 21.815,11.998 C21.815,6.585 17.411,2.181 11.998,2.181 ZM17.368,12.415 C17.312,12.548 17.232,12.669 17.131,12.770 L12.769,17.132 C12.556,17.346 12.277,17.452 11.998,17.452 C11.718,17.452 11.439,17.346 11.226,17.132 C10.800,16.706 10.800,16.016 11.226,15.590 L13.728,13.089 L7.634,13.089 C7.032,13.089 6.543,12.600 6.543,11.998 C6.543,11.396 7.032,10.907 7.634,10.907 L13.728,10.907 L11.226,8.406 C10.800,7.980 10.800,7.289 11.226,6.863 C11.652,6.437 12.343,6.437 12.769,6.863 L17.131,11.226 C17.232,11.327 17.312,11.447 17.368,11.581 C17.478,11.848 17.478,12.148 17.368,12.415 Z\" \/>\r\n\t <\/svg><\/a><\/div>\t\t\r\n\t\t\t\t\t\t\t\t<\/div>\t\r\n\t\t<\/div>\r\n\t<\/div>\r\n<\/div>\t\t\t\t<\/div>\n\t\t\t\t<\/div>\n\t\t\t\t\t<\/div>\n\t\t<\/div>\n\t\t\t\t\t<\/div>\n\t\t<\/section>\n\t\t\t\t<\/div>\n\t\t","protected":false},"excerpt":{"rendered":"<p>Unsere Import- und Exportdienstleistungen Intelligente, zuverl\u00e4ssige und sorgenfreie Beschaffungsl\u00f6sungen \u2013 weltweit, mit besonderer Expertise in der arabischen Region. Zusatzleistungen Wir bieten zudem Beratung, Marktforschung, Produktscouting und Vertriebsrechte an \u2013 und helfen Ihrem Unternehmen dabei, neue Chancen zu erschlie\u00dfen und global zu wachsen. Qualit\u00e4tskontrolle Unser Team stellt durch strenge Qualit\u00e4tspr\u00fcfungen und Inspektionen sicher, dass Ihre Produkte [&hellip;]<\/p>\n","protected":false},"author":1,"featured_media":0,"parent":0,"menu_order":0,"comment_status":"closed","ping_status":"closed","template":"elementor_header_footer","meta":{"footnotes":""},"class_list":["post-9518","page","type-page","status-publish","hentry"],"_links":{"self":[{"href":"https:\/\/hanarsourcing.com\/de\/wp-json\/wp\/v2\/pages\/9518","targetHints":{"allow":["GET"]}}],"collection":[{"href":"https:\/\/hanarsourcing.com\/de\/wp-json\/wp\/v2\/pages"}],"about":[{"href":"https:\/\/hanarsourcing.com\/de\/wp-json\/wp\/v2\/types\/page"}],"author":[{"embeddable":true,"href":"https:\/\/hanarsourcing.com\/de\/wp-json\/wp\/v2\/users\/1"}],"replies":[{"embeddable":true,"href":"https:\/\/hanarsourcing.com\/de\/wp-json\/wp\/v2\/comments?post=9518"}],"version-history":[{"count":18,"href":"https:\/\/hanarsourcing.com\/de\/wp-json\/wp\/v2\/pages\/9518\/revisions"}],"predecessor-version":[{"id":10102,"href":"https:\/\/hanarsourcing.com\/de\/wp-json\/wp\/v2\/pages\/9518\/revisions\/10102"}],"wp:attachment":[{"href":"https:\/\/hanarsourcing.com\/de\/wp-json\/wp\/v2\/media?parent=9518"}],"curies":[{"name":"wp","href":"https:\/\/api.w.org\/{rel}","templated":true}]}}